{"id":7,"date":"2019-07-14T11:38:32","date_gmt":"2019-07-14T11:38:32","guid":{"rendered":"http:\/\/psychotherapie-gommel.de\/?page_id=7"},"modified":"2020-03-25T06:39:13","modified_gmt":"2020-03-25T06:39:13","slug":"kontakt","status":"publish","type":"page","link":"http:\/\/psychotherapie-gommel.de\/?page_id=7","title":{"rendered":"Kontakt"},"content":{"rendered":"\n<p style=\"color:#948f63\" class=\"has-text-color has-medium-font-size\">Psychotherapeutische Praxis  f\u00fcr Verhaltenstherapie  <\/p>\n\n\n\n<p style=\"color:#948f63\" class=\"has-text-color\">Dipl.-Psych. Mirjam Gommel, Psychologische Psychotherapeutin (PP)<br><a href=\"http:\/\/psychotherapie-gommel.de\/?page_id=46\">M\u00f6rikestra\u00dfe 1, 71287 Weissach<\/a><\/p>\n\n\n\n<p style=\"color:#948f63\" class=\"has-text-color has-medium-font-size\">Terminvereinbarung:<\/p>\n\n\n\n<p style=\"color:#948f63\" class=\"has-text-color\">Telefon: 07044 2330075<br>Email: <a href=\"mailto:praxis@psychotherapie-gommel.de\">praxis@psychotherapie-gommel.de<\/a><\/p>\n\n\n\n<h3 class=\"wp-block-heading\"><\/h3>\n\n\n\n<p><\/p>\n","protected":false},"excerpt":{"rendered":"<p>Psychotherapeutische Praxis f\u00fcr Verhaltenstherapie Dipl.-Psych. Mirjam Gommel, Psychologische Psychotherapeutin (PP)M\u00f6rikestra\u00dfe 1, 71287 Weissach Terminvereinbarung: Telefon: 07044 2330075Email: praxis@psychotherapie-gommel.de<\/p>\n","protected":false},"author":1,"featured_media":0,"parent":0,"menu_order":0,"comment_status":"closed","ping_status":"closed","template":"","meta":{"footnotes":""},"class_list":["post-7","page","type-page","status-publish","hentry"],"_links":{"self":[{"href":"http:\/\/psychotherapie-gommel.de\/index.php?rest_route=\/wp\/v2\/pages\/7","targetHints":{"allow":["GET"]}}],"collection":[{"href":"http:\/\/psychotherapie-gommel.de\/index.php?rest_route=\/wp\/v2\/pages"}],"about":[{"href":"http:\/\/psychotherapie-gommel.de\/index.php?rest_route=\/wp\/v2\/types\/page"}],"author":[{"embeddable":true,"href":"http:\/\/psychotherapie-gommel.de\/index.php?rest_route=\/wp\/v2\/users\/1"}],"replies":[{"embeddable":true,"href":"http:\/\/psychotherapie-gommel.de\/index.php?rest_route=%2Fwp%2Fv2%2Fcomments&post=7"}],"version-history":[{"count":21,"href":"http:\/\/psychotherapie-gommel.de\/index.php?rest_route=\/wp\/v2\/pages\/7\/revisions"}],"predecessor-version":[{"id":183,"href":"http:\/\/psychotherapie-gommel.de\/index.php?rest_route=\/wp\/v2\/pages\/7\/revisions\/183"}],"wp:attachment":[{"href":"http:\/\/psychotherapie-gommel.de\/index.php?rest_route=%2Fwp%2Fv2%2Fmedia&parent=7"}],"curies":[{"name":"wp","href":"https:\/\/api.w.org\/{rel}","templated":true}]}}